{"id":595,"date":"2018-03-05T14:45:22","date_gmt":"2018-03-05T14:45:22","guid":{"rendered":"http:\/\/www.vanaco.nl\/?page_id=595"},"modified":"2018-05-09T11:43:07","modified_gmt":"2018-05-09T11:43:07","slug":"ausbildungsinstitut","status":"publish","type":"page","link":"https:\/\/www.vanaco.nl\/index.php\/de\/ausbildungsinstitut\/","title":{"rendered":"Ausbildungsinstitut"},"content":{"rendered":"<\/div><\/div><\/div><!-- close content main div --><\/div><\/div><div id='full_slider_1' class='avia-fullwidth-slider main_color avia-shadow   container_wrap fullsize'   ><div  data-size='featured_large'  data-lightbox_size='large'  data-animation='fade'  data-ids='564,565,566'  data-video_counter='0'  data-autoplay='false'  data-bg_slider='false'  data-slide_height=''  data-handle='av_slideshow_full'  data-interval='5'  data-class=' '  data-css_id=''  data-scroll_down=''  data-control_layout='av-control-minimal'  data-custom_markup=''  data-perma_caption='aviaTBperma_caption'  data-autoplay_stopper=''  data-image_attachment=''  data-min_height='500px'  data-src=''  data-position='top left'  data-repeat='no-repeat'  data-attach='scroll'  data-stretch=''  data-default-height='42'  class='avia-slideshow avia-slideshow-1  av-control-minimal av-default-height-applied avia-slideshow-featured_large av_slideshow_full   avia-fade-slider '  itemscope=\"itemscope\" itemtype=\"https:\/\/schema.org\/ImageObject\" ><ul class='avia-slideshow-inner' style='padding-bottom: 42%;'><li  class=' slide-1 ' ><div data-rel='slideshow-1' class='avia-slide-wrap'  ><img src='https:\/\/www.vanaco.nl\/wp-content\/uploads\/2018\/03\/opleiding-new1-1500x630.jpg' width='1500' height='630' title='opleiding-new1' alt=''  itemprop=\"thumbnailUrl\"  style='min-height:500px; min-width:1191px; ' \/><\/div><\/li><li  class=' slide-2 ' ><div data-rel='slideshow-1' class='avia-slide-wrap'  ><img src='https:\/\/www.vanaco.nl\/wp-content\/uploads\/2018\/03\/opleiding-new5-1500x630.jpg' width='1500' height='630' title='opleiding-new5' alt=''  itemprop=\"thumbnailUrl\"  style='min-height:500px; min-width:1191px; ' \/><\/div><\/li><li  class=' slide-3 ' ><div data-rel='slideshow-1' class='avia-slide-wrap'  ><img src='https:\/\/www.vanaco.nl\/wp-content\/uploads\/2018\/03\/opleiding-new4-1500x630.jpg' width='1500' height='630' title='opleiding-new4' alt=''  itemprop=\"thumbnailUrl\"  style='min-height:500px; min-width:1191px; ' \/><\/div><\/li><\/ul><div class='avia-slideshow-arrows avia-slideshow-controls'><a href='#prev' class='prev-slide' aria-hidden='true' data-av_icon='\ue87c' data-av_iconfont='entypo-fontello'>Vorige<\/a><a href='#next' class='next-slide' aria-hidden='true' data-av_icon='\ue87d' data-av_iconfont='entypo-fontello'>Volgende<\/a><\/div><div class='avia-slideshow-dots avia-slideshow-controls'><a href='#1' class='goto-slide active' >1<\/a><a href='#2' class='goto-slide ' >2<\/a><a href='#3' class='goto-slide ' >3<\/a><\/div><div class = \"caption_fullwidth av-slideshow-caption caption_left\"><div class = \"container caption_container\"><div class = \"slideshow_caption\"><div class = \"slideshow_inner_caption\"><div class = \"slideshow_align_caption\"><h2  style='font-size:30px; ' class='avia-caption-title '  itemprop=\"name\" >Training von VANACO BV<\/h2><div class='avia-caption-content  av_inherit_color'  itemprop=\"description\"   style='font-size:15px; '><p>Aufgrund der gro\u00dfen Erfahrung wurde beschlossen, ein eigenes Ausbildungsinstitut zu gr\u00fcnden<\/p>\n<\/div><a href='#ausbildungsinstitut'  class='avia-slideshow-button avia-button avia-color-light avia-multi-slideshow-button' data-duration='800' data-easing='easeInOutQuad'>Mehr lesen<\/a><a href='https:\/\/www.vanaco.nl\/index.php\/de\/kontakt\/'  class='avia-slideshow-button avia-button avia-color-light avia-multi-slideshow-button avia-slideshow-button-2' data-duration='800' data-easing='easeInOutQuad'>Kontakt<\/a><\/div><\/div><\/div><\/div><\/div><\/div><\/div>\n<\/div><\/div><\/div><!-- close content main div --><\/div><\/div><div id='ausbildungsinstitut' class='avia-section main_color avia-section-huge avia-no-border-styling avia-bg-style-scroll   container_wrap fullsize'   ><div class='container' ><div class='template-page content  av-content-full alpha units'><div class='post-entry post-entry-type-page post-entry-595'><div class='entry-content-wrapper clearfix'>\n<div style='padding-bottom:20px;font-size:40px;' class='av-special-heading av-special-heading-h1  blockquote modern-quote modern-centered   av-inherit-size '><h1 class='av-special-heading-tag '  itemprop=\"headline\"  >Ausbildungsinstitut<\/h1><div class='special-heading-border'><div class='special-heading-inner-border' ><\/div><\/div><\/div>\n<div style='height:50px' class='hr hr-invisible  '><span class='hr-inner ' ><span class='hr-inner-style'><\/span><\/span><\/div>\n<div class=\"flex_column av_one_half  av-animated-generic bottom-to-top  flex_column_div av-zero-column-padding first  \" style='border-radius:0px; '><section class=\"av_textblock_section \"  itemscope=\"itemscope\" itemtype=\"https:\/\/schema.org\/CreativeWork\" ><div class='avia_textblock  '   itemprop=\"text\" ><p>Aufgrund der sehr gro\u00dfen Erfahrung (<em>gut, aber auch weniger gut<\/em>) wurde beschlossen, ein eigenes Ausbildungsinstitut zu gr\u00fcnden, schlie\u00dflich hat sich herausgestellt, dass die Normen und Werte und Qualit\u00e4t und Quantit\u00e4t \/ Produktivit\u00e4t zB. in Mittel-, Ost- und S\u00fcdeuropa, sich auf ein anderes Niveau dann in Westeuropa befinden, daher sind diese manchmal spezifischen fachbezogenen Kenntnisse und F\u00e4higkeiten und &#8220;Tipps und Tricks&#8221; Westeuropas anspruchsvoller als anderswo.<\/p>\n<p>Ein Ph\u00e4nomen, das wir selbst nennen wollen, ist das Sichtmauerwerk\u00a0 \/ Fassadenmauerwerk wie in einigen L\u00e4ndern Westeuropas Nuance ist, aber etwas, das in den meisten (anderen) L\u00e4ndern \u00fcberhaupt keine Nuance ist, im Gegenteil. Es wird dann schwierig und fast unm\u00f6glich, Handwerker anderswo zu rekrutieren, so Ausbildung ist da die einzige M\u00f6glichkeit.<\/p>\n<p>Aufgrund dieser Schlussfolgerung wurde &#8220;<em>der erste Stein ist gelegt<\/em>&#8221; und \u00a0ist &#8220;<em>die Grundlage erfunden<\/em>&#8221; f\u00fcr unseren Ausbildung, schlie\u00dflich gibt es bereits einen Mangel an spezifischen Fachleuten, und wird es mehr und mehr und wahrscheinlich sogar kurzfristig. VANACO BV reagiert darauf und bildet Praktiker zu akzeptablen und produktiven Fachkr\u00e4ften aus, die unter etwas weniger intensiver Aufsicht gut funktionieren, speziell f\u00fcr jene L\u00e4nder, in denen diese Disziplin sehr verbreitet ist.<\/p>\n<\/div><\/section><\/div><div class=\"flex_column av_one_half  av-animated-generic bottom-to-top  flex_column_div av-zero-column-padding   \" style='border-radius:0px; '><p><div class='avia-image-container  av-styling-    avia-align-center '  itemscope=\"itemscope\" itemtype=\"https:\/\/schema.org\/ImageObject\"  ><div class='avia-image-container-inner'><img class='avia_image ' src='https:\/\/www.vanaco.nl\/wp-content\/uploads\/2018\/03\/on-site-construction-worker_4460x4460.jpg' alt='' title='on-site-construction-worker_4460x4460'   itemprop=\"thumbnailUrl\"  \/><\/div><\/div><br \/>\n<div class='avia-image-container  av-styling-    avia-align-center '  itemscope=\"itemscope\" itemtype=\"https:\/\/schema.org\/ImageObject\"  ><div class='avia-image-container-inner'><img class='avia_image ' src='https:\/\/www.vanaco.nl\/wp-content\/uploads\/2018\/03\/building-plans-in-hand_4460x4460.jpg' alt='' title='building-plans-in-hand_4460x4460'   itemprop=\"thumbnailUrl\"  \/><\/div><\/div><\/p><\/div><div class=\"flex_column av_one_half  av-animated-generic bottom-to-top  flex_column_div av-zero-column-padding first  \" style='border-radius:0px; '><div class='avia-image-container  av-styling-    avia-align-center '  itemscope=\"itemscope\" itemtype=\"https:\/\/schema.org\/ImageObject\"  ><div class='avia-image-container-inner'><img class='avia_image ' src='https:\/\/www.vanaco.nl\/wp-content\/uploads\/2018\/03\/construction-in-progress_4460x4460.jpg' alt='' title='construction-in-progress_4460x4460'   itemprop=\"thumbnailUrl\"  \/><\/div><\/div><\/div><div class=\"flex_column av_one_half  av-animated-generic bottom-to-top  flex_column_div av-zero-column-padding   \" style='border-radius:0px; '><section class=\"av_textblock_section \"  itemscope=\"itemscope\" itemtype=\"https:\/\/schema.org\/CreativeWork\" ><div class='avia_textblock  '   itemprop=\"text\" ><p>Das Training wird begleitet von einem Training in grundlegenden Sprachkenntnissen, und Sicherheit ist auch von gr\u00f6\u00dfter Wichtigkeit, schlie\u00dflich haben diese letzten beiden Elemente auch eine gro\u00dfe Negativit\u00e4t verursacht und dann aufgrund des Mangels an (ausreichender) Kenntnis von ihnen.<\/p>\n<p>Das Programm variiert in L\u00e4nge \/ Dauer und ist vollst\u00e4ndig abh\u00e4ngig vom Vorwissen der Studierenden, aber auch von deren Motivation, Engagement und Neugier. Nach dem Training bietet VANACO BV weiterhin Nachsorge an.<\/p>\n<p>Abgeleitet von dem spezifischen Mauerwerk sind das Kleben aller Arten von Steinen \/ Blocken \/ Materialien, das Kleben von Elementen mit einem kleinen Kran, das Kleben von Maurerstein-Ziegeln und so weiter, VANACO BV hat sich bereits um das spezifische Maurertraining, wie zum Beispiel &#8220;dunbed&#8221;, gek\u00fcmmert, und vergessen Sie nicht das verfugen und pointeren, da wird ebenso viel Aufmerksamkeit auf gelegt.<\/p>\n<p>Erweiterungen in Sachen Training sind in vollem Gange, einschlie\u00dflich\u00a0Steinstrips, Fliesen, Installation von Luftkan\u00e4len, Installation von Sonnenkollektoren, Installateuren.<\/p>\n<p>Wir m\u00f6chten Sie f\u00fcr spezielle Schulungen kontaktieren, um dies \u00fcber eine bestimmte Form der Zusammenarbeit zu realisieren.<\/p>\n<\/div><\/section><\/div><div class='avia-button-wrap avia-button-center '><a href='https:\/\/www.vanaco.nl\/index.php\/de\/kontakt\/' class='avia-button avia-button-fullwidth   avia-icon_select-no avia-color-theme-color '  style='color:#ffffff; ' ><span class='avia_iconbox_title' >Kontaktieren Sie uns<\/span><span class='avia_button_background avia-button avia-button-fullwidth avia-color-theme-color' ><\/span><\/a><\/div><\/p>\n","protected":false},"excerpt":{"rendered":"","protected":false},"author":1,"featured_media":0,"parent":0,"menu_order":0,"comment_status":"open","ping_status":"closed","template":"","meta":{"footnotes":""},"class_list":["post-595","page","type-page","status-publish","hentry"],"_links":{"self":[{"href":"https:\/\/www.vanaco.nl\/index.php\/wp-json\/wp\/v2\/pages\/595","targetHints":{"allow":["GET"]}}],"collection":[{"href":"https:\/\/www.vanaco.nl\/index.php\/wp-json\/wp\/v2\/pages"}],"about":[{"href":"https:\/\/www.vanaco.nl\/index.php\/wp-json\/wp\/v2\/types\/page"}],"author":[{"embeddable":true,"href":"https:\/\/www.vanaco.nl\/index.php\/wp-json\/wp\/v2\/users\/1"}],"replies":[{"embeddable":true,"href":"https:\/\/www.vanaco.nl\/index.php\/wp-json\/wp\/v2\/comments?post=595"}],"version-history":[{"count":6,"href":"https:\/\/www.vanaco.nl\/index.php\/wp-json\/wp\/v2\/pages\/595\/revisions"}],"predecessor-version":[{"id":683,"href":"https:\/\/www.vanaco.nl\/index.php\/wp-json\/wp\/v2\/pages\/595\/revisions\/683"}],"wp:attachment":[{"href":"https:\/\/www.vanaco.nl\/index.php\/wp-json\/wp\/v2\/media?parent=595"}],"curies":[{"name":"wp","href":"https:\/\/api.w.org\/{rel}","templated":true}]}}